{"id":140,"date":"2020-09-11T17:46:49","date_gmt":"2020-09-11T20:46:49","guid":{"rendered":"http:\/\/atendoo.com\/?post_type=product&#038;p=140"},"modified":"2023-11-07T07:19:06","modified_gmt":"2023-11-07T10:19:06","slug":"atendoo-4h","status":"publish","type":"product","link":"https:\/\/atendoo.com\/es\/produto\/atendoo-4h\/","title":{"rendered":"Atendoo 4h"},"content":{"rendered":"","protected":false},"excerpt":{"rendered":"<p>COBERTURA: <strong><span style=\"color: #000000;\">20 horas\/semana<\/span><\/strong><br \/>\nDISPONIBILIDADE: <strong><span style=\"color: #000000;\">4h\/dia \u00fatil<\/span><\/strong><br \/>\n<strong><span style=\"color: #000000;\">At\u00e9 2 Redes Sociais<\/span><\/strong>\u00a0\/ Assinatura<br \/>\nCANAIS:\u00a0<strong><span style=\"color: #000000;\">Facebook e Instagram<\/span><\/strong><br \/>\n<strong><span style=\"color: #000000;\">FAQ<\/span><\/strong>\u00a0(com perguntas ilimitadas)<br \/>\nImplanta\u00e7\u00e3o do\u00a0<strong><span style=\"color: #000000;\">SAC<\/span><\/strong><br \/>\n<strong><span style=\"color: #000000;\">1 Neg\u00f3cio<\/span><\/strong>\u00a0\/ Assinatura<\/p>\n<p><strong><span style=\"color: #000000;\">FORMAS DE PAGAMENTO<\/span><\/strong><br \/>\n<strong><br \/>\n<span style=\"color: #000000;\">Mensalidade<\/span><\/strong>(durante 12 meses)<br \/>\n1\u00aa mensalidade: \u00e0 vista no cart\u00e3o de cr\u00e9dito, d\u00e9bito ou boleto.<br \/>\n2\u00aa mensalidade em diante no boleto.<\/p>\n","protected":false},"featured_media":887,"template":"","meta":[],"product_cat":[17],"product_tag":[],"aioseo_notices":[],"_links":{"self":[{"href":"https:\/\/atendoo.com\/es\/wp-json\/wp\/v2\/product\/140"}],"collection":[{"href":"https:\/\/atendoo.com\/es\/wp-json\/wp\/v2\/product"}],"about":[{"href":"https:\/\/atendoo.com\/es\/wp-json\/wp\/v2\/types\/product"}],"wp:featuredmedia":[{"embeddable":true,"href":"https:\/\/atendoo.com\/es\/wp-json\/wp\/v2\/media\/887"}],"wp:attachment":[{"href":"https:\/\/atendoo.com\/es\/wp-json\/wp\/v2\/media?parent=140"}],"wp:term":[{"taxonomy":"product_cat","embeddable":true,"href":"https:\/\/atendoo.com\/es\/wp-json\/wp\/v2\/product_cat?post=140"},{"taxonomy":"product_tag","embeddable":true,"href":"https:\/\/atendoo.com\/es\/wp-json\/wp\/v2\/product_tag?post=140"}],"curies":[{"name":"wp","href":"https:\/\/api.w.org\/{rel}","templated":true}]}}